{"id":6333,"date":"2023-06-09T11:33:37","date_gmt":"2023-06-09T11:33:37","guid":{"rendered":"https:\/\/www.sks.net\/?page_id=6333"},"modified":"2024-08-19T10:03:14","modified_gmt":"2024-08-19T10:03:14","slug":"schmelzanlagen-audits","status":"publish","type":"page","link":"https:\/\/www.sks.net\/de\/schmelzanlagen-audits\/","title":{"rendered":"Schmelzanlagen Audits"},"content":{"rendered":"\r\n<section id=\"image-hero-with-content-block_0030904b364905c65f1f21cbfaa1b492\" class=\"image-hero-with-content\">\r\n\r\n    <div class=\"image-hero-with-content-image-container\" style=\" background: linear-gradient(90deg, rgba(0,0,0,0.5) 0%, rgba(255,255,255,0) 75%), url('https:\/\/www.sks.net\/wp-content\/uploads\/2024\/03\/HS2A6433-copy-e1709832683102.jpg'),    no-repeat; background-position: center !important;\" data-aos=\"fade-down\">\r\n\r\n        <div class=\"main-container\">\r\n            <div class=\"container-fluid\">\r\n                <div class=\"row full-width-image-info-light-text image-hero-with-content-text\">\r\n                    <div class=\"col-lg-7  image-hero-with-content-text-container  \">\r\n                        <div class=\"image-hero-with-content-inner\">\r\n                            <h5><\/h5>\r\n                            <h1 class=\"image-hero-with-content-title\" class=\"\">Schmelzanlagen Audits<\/h1>\r\n                                                                                <\/div>\r\n                    <\/div>\r\n\r\n                    <div class=\"col-lg-5 d-none d-lg-block\">\r\n\r\n                    <\/div>\r\n                <\/div>\r\n            <\/div>\r\n        <\/div>\r\n\r\n\r\n    <\/div>\r\n\r\n\r\n\r\n    <!-- <span style=\"display: flex;\">\r\n        <img decoding=\"async\" src=\"https:\/\/www.sks.net\/wp-content\/themes\/armstrong\/img\/angled_line_left_end.svg\" alt=\"\" v>\r\n        <hr style=\"flex-grow: 1; margin: 0;\">\r\n    <\/span> -->\r\n<\/section>\n\n\r\n<section id=\"page-header-details block_e091b6922489ff4a37f121f82c155ed6\" class=\"page-header-details\">\r\n\r\n\r\n    <div class=\"main-container\">\r\n        <div class=\"container-fluid\">\r\n\r\n                        <div class=\"row\">\r\n                <div class=\"col-lg-6 \" data-aos=\"fade-right\">\r\n                    <h3>Verl\u00e4ngerung der Anlagenlebensdauer<\/h3>\r\n                <\/div>\r\n\r\n                <div class=\"col-lg-6 \" data-aos=\"fade-left\">\r\n                                        <p>Regelm\u00e4\u00dfige Inspektionen k\u00f6nnen die Lebensdauer einer Glasschmelzanlage verl\u00e4ngern, da Sch\u00e4den und Verschlei\u00df fr\u00fchzeitig erkannt werden.<\/p>\n                    <div class=\"button-container\">\r\n                                            <\/div>\r\n                <\/div>\r\n\r\n            <\/div>\r\n\r\n\r\n        <\/div>\r\n    <\/div>\r\n\r\n\r\n<\/section>\n\n<section id=\"product-link-listblock_416dfdd651f0afd70db33948331cc296\" class=\"product-link-list\">\r\n    <div class=\"main-container\">\r\n        <div class=\"container-fluid\">\r\n            <div class=\"row\">\r\n                \r\n\r\n\r\n                        <div class=\"col-lg-4 all-news-small-container product-link-list-grid-item-container\" data-aos=\"fade-up\">\r\n                            <div class=\"all-news-small\" style=\"letter-spacing: unset !important;\">\r\n                                <div class=\"all-news-image-small link\" style=\"background: url('  https:\/\/www.sks.net\/wp-content\/uploads\/2022\/08\/Test-drillings-1-576x1024.jpg  ') no-repeat;\">\r\n                                <\/div>\r\n                                <div class=\"all-news-small-details product-link-list-grid-item\">\r\n                                    <div>\r\n                                        <h4 style=\"flex-grow: 1\" class=\"latest-news-title\"> Testbohrungen<\/h4>\r\n                                        <p><div class=\"ewa-rteLine\">Die Bestimmung der Restdicke des Schmelzwannenbodens liefert wertvolle Informationen \u00fcber die Korrosion des Feuerfestmaterials. Dazu bohren unsere Spezialisten an strategischen Stellen des Ofenbodens kleine L\u00f6cher, die anschlie\u00dfend mit feuerfesten Stopfen sicher verschlossen werden.<\/div>\n<\/p>\r\n                                    <\/div>\r\n\r\n                                    <span class=\"arrow-link\">\r\n                                        <!-- <p class=\"product-find-out-more\">ENTDECKEN SIE MEHR <svg style=\"margin-bottom: -2px;\" xmlns=\"http:\/\/www.w3.org\/2000\/svg\" xmlns:xlink=\"http:\/\/www.w3.org\/1999\/xlink\" width=\"6.185\" height=\"11.638\" viewBox=\"0 0 6.185 11.638\">\r\n                                                <defs>\r\n                                                    <clipPath id=\"clip-path\">\r\n                                                        <rect id=\"Rectangle_129\" data-name=\"Rectangle 129\" width=\"11.638\" height=\"6.185\" transform=\"translate(0 0)\" fill=\"#00070a\" \/>\r\n                                                    <\/clipPath>\r\n                                                <\/defs>\r\n                                                <g id=\"Group_93\" data-name=\"Group 93\" transform=\"translate(0 11.638) rotate(-90)\">\r\n                                                    <g id=\"Group_43\" data-name=\"Group 43\" transform=\"translate(0 0)\" clip-path=\"url(#clip-path)\">\r\n                                                        <path id=\"Path_123\" data-name=\"Path 123\" d=\"M5.819,6.185a.365.365,0,0,1-.259-.107L.107.625A.366.366,0,0,1,.625.107L5.819,5.3,11.013.107a.366.366,0,0,1,.518.518L6.078,6.078a.365.365,0,0,1-.259.107\" transform=\"translate(0 0)\" fill=\"currentColor\" \/>\r\n                                            <\/svg> <\/p> -->\r\n                                    <\/span>\r\n\r\n                                <\/div>\r\n                            <\/div>\r\n                        <\/div>\r\n\r\n                    \r\n\r\n\r\n                        <div class=\"col-lg-4 all-news-small-container product-link-list-grid-item-container\" data-aos=\"fade-up\">\r\n                            <div class=\"all-news-small\" style=\"letter-spacing: unset !important;\">\r\n                                <div class=\"all-news-image-small link\" style=\"background: url('  https:\/\/www.sks.net\/wp-content\/uploads\/2024\/03\/HS2A6508-1024x683.jpg  ') no-repeat;\">\r\n                                <\/div>\r\n                                <div class=\"all-news-small-details product-link-list-grid-item\">\r\n                                    <div>\r\n                                        <h4 style=\"flex-grow: 1\" class=\"latest-news-title\"> Visuelle Inspektion\u00a0<\/h4>\r\n                                        <p><p>Visuelle Inspektionen werden von erfahrenen Technikern durchgef\u00fchrt, die in der Lage sind, den aktuellen Zustand Ihres Ofens zu beurteilen. Die fr\u00fchzeitige Erkennung kritischer Bereiche verhindert unerwartete Probleme. Alle Ergebnisse werden in einem Bericht festgehalten, der oft die Grundlage f\u00fcr weitere Wartungs- oder Reparaturma\u00dfnahmen bildet oder von den Versicherern verlangt wird.<\/p>\n<\/p>\r\n                                    <\/div>\r\n\r\n                                    <span class=\"arrow-link\">\r\n                                        <!-- <p class=\"product-find-out-more\">ENTDECKEN SIE MEHR <svg style=\"margin-bottom: -2px;\" xmlns=\"http:\/\/www.w3.org\/2000\/svg\" xmlns:xlink=\"http:\/\/www.w3.org\/1999\/xlink\" width=\"6.185\" height=\"11.638\" viewBox=\"0 0 6.185 11.638\">\r\n                                                <defs>\r\n                                                    <clipPath id=\"clip-path\">\r\n                                                        <rect id=\"Rectangle_129\" data-name=\"Rectangle 129\" width=\"11.638\" height=\"6.185\" transform=\"translate(0 0)\" fill=\"#00070a\" \/>\r\n                                                    <\/clipPath>\r\n                                                <\/defs>\r\n                                                <g id=\"Group_93\" data-name=\"Group 93\" transform=\"translate(0 11.638) rotate(-90)\">\r\n                                                    <g id=\"Group_43\" data-name=\"Group 43\" transform=\"translate(0 0)\" clip-path=\"url(#clip-path)\">\r\n                                                        <path id=\"Path_123\" data-name=\"Path 123\" d=\"M5.819,6.185a.365.365,0,0,1-.259-.107L.107.625A.366.366,0,0,1,.625.107L5.819,5.3,11.013.107a.366.366,0,0,1,.518.518L6.078,6.078a.365.365,0,0,1-.259.107\" transform=\"translate(0 0)\" fill=\"currentColor\" \/>\r\n                                            <\/svg> <\/p> -->\r\n                                    <\/span>\r\n\r\n                                <\/div>\r\n                            <\/div>\r\n                        <\/div>\r\n\r\n                    \r\n\r\n\r\n                        <div class=\"col-lg-4 all-news-small-container product-link-list-grid-item-container\" data-aos=\"fade-up\">\r\n                            <div class=\"all-news-small\" style=\"letter-spacing: unset !important;\">\r\n                                <div class=\"all-news-image-small link\" style=\"background: url('  https:\/\/www.sks.net\/wp-content\/uploads\/2022\/08\/Endoscopic-inspection-1024x680.jpg  ') no-repeat;\">\r\n                                <\/div>\r\n                                <div class=\"all-news-small-details product-link-list-grid-item\">\r\n                                    <div>\r\n                                        <h4 style=\"flex-grow: 1\" class=\"latest-news-title\"> Endoskopische Inspektion\u00a0\u00a0<\/h4>\r\n                                        <p><p>Der Zugang zum Ofen- oder Regeneratorinneren ist in der Regel nur durch Inspektions\u00f6ffnungen m\u00f6glich, was eine eingeschr\u00e4nkte Sicht erm\u00f6glicht. Mit einem wassergek\u00fchlten Endoskop, das unter normalen Betriebsbedingungen betrieben werden kann, ist SKS in der Lage, schwierige Bereiche im Inneren des Ofens zu beurteilen und den Verschlei\u00df der feuerfesten Materialien zu ermitteln.<\/p>\n<\/p>\r\n                                    <\/div>\r\n\r\n                                    <span class=\"arrow-link\">\r\n                                        <!-- <p class=\"product-find-out-more\">ENTDECKEN SIE MEHR <svg style=\"margin-bottom: -2px;\" xmlns=\"http:\/\/www.w3.org\/2000\/svg\" xmlns:xlink=\"http:\/\/www.w3.org\/1999\/xlink\" width=\"6.185\" height=\"11.638\" viewBox=\"0 0 6.185 11.638\">\r\n                                                <defs>\r\n                                                    <clipPath id=\"clip-path\">\r\n                                                        <rect id=\"Rectangle_129\" data-name=\"Rectangle 129\" width=\"11.638\" height=\"6.185\" transform=\"translate(0 0)\" fill=\"#00070a\" \/>\r\n                                                    <\/clipPath>\r\n                                                <\/defs>\r\n                                                <g id=\"Group_93\" data-name=\"Group 93\" transform=\"translate(0 11.638) rotate(-90)\">\r\n                                                    <g id=\"Group_43\" data-name=\"Group 43\" transform=\"translate(0 0)\" clip-path=\"url(#clip-path)\">\r\n                                                        <path id=\"Path_123\" data-name=\"Path 123\" d=\"M5.819,6.185a.365.365,0,0,1-.259-.107L.107.625A.366.366,0,0,1,.625.107L5.819,5.3,11.013.107a.366.366,0,0,1,.518.518L6.078,6.078a.365.365,0,0,1-.259.107\" transform=\"translate(0 0)\" fill=\"currentColor\" \/>\r\n                                            <\/svg> <\/p> -->\r\n                                    <\/span>\r\n\r\n                                <\/div>\r\n                            <\/div>\r\n                        <\/div>\r\n\r\n                                                                    <\/div>\r\n        <\/div>\r\n    <\/div>\r\n<\/section>","protected":false},"excerpt":{"rendered":"","protected":false},"author":1,"featured_media":0,"parent":0,"menu_order":0,"comment_status":"closed","ping_status":"closed","template":"","meta":{"_acf_changed":false,"footnotes":""},"class_list":["post-6333","page","type-page","status-publish","hentry"],"acf":[],"yoast_head":"<!-- This site is optimized with the Yoast SEO plugin v27.3 - https:\/\/yoast.com\/product\/yoast-seo-wordpress\/ -->\n<title>Schmelzanlagen Audits - SKS<\/title>\n<meta name=\"robots\" content=\"index, follow, max-snippet:-1, max-image-preview:large, max-video-preview:-1\" \/>\n<link rel=\"canonical\" href=\"https:\/\/www.sks.net\/de\/schmelzanlagen-audits\/\" \/>\n<meta property=\"og:locale\" content=\"de_DE\" \/>\n<meta property=\"og:type\" content=\"article\" \/>\n<meta property=\"og:title\" content=\"Schmelzanlagen Audits - SKS\" \/>\n<meta property=\"og:url\" content=\"https:\/\/www.sks.net\/de\/schmelzanlagen-audits\/\" \/>\n<meta property=\"og:site_name\" content=\"SKS\" \/>\n<meta property=\"article:modified_time\" content=\"2024-08-19T10:03:14+00:00\" \/>\n<meta name=\"twitter:card\" content=\"summary_large_image\" \/>\n<script type=\"application\/ld+json\" class=\"yoast-schema-graph\">{\"@context\":\"https:\\\/\\\/schema.org\",\"@graph\":[{\"@type\":\"WebPage\",\"@id\":\"https:\\\/\\\/www.sks.net\\\/de\\\/schmelzanlagen-audits\\\/\",\"url\":\"https:\\\/\\\/www.sks.net\\\/de\\\/schmelzanlagen-audits\\\/\",\"name\":\"Schmelzanlagen Audits - SKS\",\"isPartOf\":{\"@id\":\"https:\\\/\\\/www.sks.net\\\/de\\\/#website\"},\"datePublished\":\"2023-06-09T11:33:37+00:00\",\"dateModified\":\"2024-08-19T10:03:14+00:00\",\"breadcrumb\":{\"@id\":\"https:\\\/\\\/www.sks.net\\\/de\\\/schmelzanlagen-audits\\\/#breadcrumb\"},\"inLanguage\":\"de\",\"potentialAction\":[{\"@type\":\"ReadAction\",\"target\":[\"https:\\\/\\\/www.sks.net\\\/de\\\/schmelzanlagen-audits\\\/\"]}]},{\"@type\":\"BreadcrumbList\",\"@id\":\"https:\\\/\\\/www.sks.net\\\/de\\\/schmelzanlagen-audits\\\/#breadcrumb\",\"itemListElement\":[{\"@type\":\"ListItem\",\"position\":1,\"name\":\"Home\",\"item\":\"https:\\\/\\\/www.sks.net\\\/de\\\/homepage\\\/\"},{\"@type\":\"ListItem\",\"position\":2,\"name\":\"Schmelzanlagen Audits\"}]},{\"@type\":\"WebSite\",\"@id\":\"https:\\\/\\\/www.sks.net\\\/de\\\/#website\",\"url\":\"https:\\\/\\\/www.sks.net\\\/de\\\/\",\"name\":\"SKS\",\"description\":\"\",\"publisher\":{\"@id\":\"https:\\\/\\\/www.sks.net\\\/de\\\/#organization\"},\"potentialAction\":[{\"@type\":\"SearchAction\",\"target\":{\"@type\":\"EntryPoint\",\"urlTemplate\":\"https:\\\/\\\/www.sks.net\\\/de\\\/?s={search_term_string}\"},\"query-input\":{\"@type\":\"PropertyValueSpecification\",\"valueRequired\":true,\"valueName\":\"search_term_string\"}}],\"inLanguage\":\"de\"},{\"@type\":\"Organization\",\"@id\":\"https:\\\/\\\/www.sks.net\\\/de\\\/#organization\",\"name\":\"SKS\",\"url\":\"https:\\\/\\\/www.sks.net\\\/de\\\/\",\"logo\":{\"@type\":\"ImageObject\",\"inLanguage\":\"de\",\"@id\":\"https:\\\/\\\/www.sks.net\\\/de\\\/#\\\/schema\\\/logo\\\/image\\\/\",\"url\":\"https:\\\/\\\/www.sks.net\\\/wp-content\\\/uploads\\\/2021\\\/12\\\/logo_alt.png\",\"contentUrl\":\"https:\\\/\\\/www.sks.net\\\/wp-content\\\/uploads\\\/2021\\\/12\\\/logo_alt.png\",\"width\":250,\"height\":70,\"caption\":\"SKS\"},\"image\":{\"@id\":\"https:\\\/\\\/www.sks.net\\\/de\\\/#\\\/schema\\\/logo\\\/image\\\/\"}}]}<\/script>\n<!-- \/ Yoast SEO plugin. -->","yoast_head_json":{"title":"Schmelzanlagen Audits - SKS","robots":{"index":"index","follow":"follow","max-snippet":"max-snippet:-1","max-image-preview":"max-image-preview:large","max-video-preview":"max-video-preview:-1"},"canonical":"https:\/\/www.sks.net\/de\/schmelzanlagen-audits\/","og_locale":"de_DE","og_type":"article","og_title":"Schmelzanlagen Audits - SKS","og_url":"https:\/\/www.sks.net\/de\/schmelzanlagen-audits\/","og_site_name":"SKS","article_modified_time":"2024-08-19T10:03:14+00:00","twitter_card":"summary_large_image","schema":{"@context":"https:\/\/schema.org","@graph":[{"@type":"WebPage","@id":"https:\/\/www.sks.net\/de\/schmelzanlagen-audits\/","url":"https:\/\/www.sks.net\/de\/schmelzanlagen-audits\/","name":"Schmelzanlagen Audits - SKS","isPartOf":{"@id":"https:\/\/www.sks.net\/de\/#website"},"datePublished":"2023-06-09T11:33:37+00:00","dateModified":"2024-08-19T10:03:14+00:00","breadcrumb":{"@id":"https:\/\/www.sks.net\/de\/schmelzanlagen-audits\/#breadcrumb"},"inLanguage":"de","potentialAction":[{"@type":"ReadAction","target":["https:\/\/www.sks.net\/de\/schmelzanlagen-audits\/"]}]},{"@type":"BreadcrumbList","@id":"https:\/\/www.sks.net\/de\/schmelzanlagen-audits\/#breadcrumb","itemListElement":[{"@type":"ListItem","position":1,"name":"Home","item":"https:\/\/www.sks.net\/de\/homepage\/"},{"@type":"ListItem","position":2,"name":"Schmelzanlagen Audits"}]},{"@type":"WebSite","@id":"https:\/\/www.sks.net\/de\/#website","url":"https:\/\/www.sks.net\/de\/","name":"SKS","description":"","publisher":{"@id":"https:\/\/www.sks.net\/de\/#organization"},"potentialAction":[{"@type":"SearchAction","target":{"@type":"EntryPoint","urlTemplate":"https:\/\/www.sks.net\/de\/?s={search_term_string}"},"query-input":{"@type":"PropertyValueSpecification","valueRequired":true,"valueName":"search_term_string"}}],"inLanguage":"de"},{"@type":"Organization","@id":"https:\/\/www.sks.net\/de\/#organization","name":"SKS","url":"https:\/\/www.sks.net\/de\/","logo":{"@type":"ImageObject","inLanguage":"de","@id":"https:\/\/www.sks.net\/de\/#\/schema\/logo\/image\/","url":"https:\/\/www.sks.net\/wp-content\/uploads\/2021\/12\/logo_alt.png","contentUrl":"https:\/\/www.sks.net\/wp-content\/uploads\/2021\/12\/logo_alt.png","width":250,"height":70,"caption":"SKS"},"image":{"@id":"https:\/\/www.sks.net\/de\/#\/schema\/logo\/image\/"}}]}},"_links":{"self":[{"href":"https:\/\/www.sks.net\/de\/wp-json\/wp\/v2\/pages\/6333","targetHints":{"allow":["GET"]}}],"collection":[{"href":"https:\/\/www.sks.net\/de\/wp-json\/wp\/v2\/pages"}],"about":[{"href":"https:\/\/www.sks.net\/de\/wp-json\/wp\/v2\/types\/page"}],"author":[{"embeddable":true,"href":"https:\/\/www.sks.net\/de\/wp-json\/wp\/v2\/users\/1"}],"replies":[{"embeddable":true,"href":"https:\/\/www.sks.net\/de\/wp-json\/wp\/v2\/comments?post=6333"}],"version-history":[{"count":1,"href":"https:\/\/www.sks.net\/de\/wp-json\/wp\/v2\/pages\/6333\/revisions"}],"predecessor-version":[{"id":6334,"href":"https:\/\/www.sks.net\/de\/wp-json\/wp\/v2\/pages\/6333\/revisions\/6334"}],"wp:attachment":[{"href":"https:\/\/www.sks.net\/de\/wp-json\/wp\/v2\/media?parent=6333"}],"curies":[{"name":"wp","href":"https:\/\/api.w.org\/{rel}","templated":true}]}}