{"id":6283,"date":"2021-12-16T10:40:02","date_gmt":"2021-12-16T10:40:02","guid":{"rendered":"https:\/\/www.sks.net\/?page_id=6283"},"modified":"2024-08-21T16:12:27","modified_gmt":"2024-08-21T16:12:27","slug":"impressum","status":"publish","type":"page","link":"https:\/\/www.sks.net\/de\/impressum\/","title":{"rendered":"Impressum"},"content":{"rendered":"\r\n<section id=\"image-hero-with-content-block_c646a9b1739bc38528ccc7ddd874e8cd\" class=\"image-hero-with-content\">\r\n\r\n    <div class=\"image-hero-with-content-image-container\" style=\" background: linear-gradient(90deg, rgba(0,0,0,0.5) 0%, rgba(255,255,255,0) 75%), url('https:\/\/www.sks.net\/wp-content\/uploads\/2022\/02\/Imprint-1.jpg'),    no-repeat; background-position: center !important;\" data-aos=\"fade-down\">\r\n\r\n        <div class=\"main-container\">\r\n            <div class=\"container-fluid\">\r\n                <div class=\"row full-width-image-info-light-text image-hero-with-content-text\">\r\n                    <div class=\"col-lg-7  image-hero-with-content-text-container  \">\r\n                        <div class=\"image-hero-with-content-inner\">\r\n                            <h5><\/h5>\r\n                            <h1 class=\"image-hero-with-content-title\" class=\"\">Impressum<\/h1>\r\n                                                                                <\/div>\r\n                    <\/div>\r\n\r\n                    <div class=\"col-lg-5 d-none d-lg-block\">\r\n\r\n                    <\/div>\r\n                <\/div>\r\n            <\/div>\r\n        <\/div>\r\n\r\n\r\n    <\/div>\r\n\r\n\r\n\r\n    <!-- <span style=\"display: flex;\">\r\n        <img decoding=\"async\" src=\"https:\/\/www.sks.net\/wp-content\/themes\/armstrong\/img\/angled_line_left_end.svg\" alt=\"\" v>\r\n        <hr style=\"flex-grow: 1; margin: 0;\">\r\n    <\/span> -->\r\n<\/section>\n\n\r\n<section id=\"editor-block_82864f2123d24da84b56c14b7c5bf2fd\" class=\"editor\">\r\n\r\n    <div id=\"top-bar\" class=\"main-container\">\r\n        <div class=\"container-fluid\">\r\n            <div class=\"row\">\r\n                <div class=\"col-lg-12\">\r\n                    <p>SKS Sorg Keramik Service GmbH<br \/>\nStoltestra\u00dfe 23<br \/>\n97816 Lohr am Main, Germany<\/p>\n<p>Phone: +49 (0) 9352 507 600<br \/>\nE-Mail: <a href=\"mailto:info@sks.net\">info@sks.net<\/a><\/p>\n<p>Managing Director: <strong>Alexander Sorg<\/strong><\/p>\n<p>Company Registered at: <strong>Lohr am Main, Germany<\/strong><\/p>\n<p>Registration Number:<strong> HRB8027<\/strong><\/p>\n<p>VAT Registration Number:\u00a0<span lang=\"DE\"><strong>DE 228 237 040<\/strong><br \/>\n<\/span>(In accordance with Section 27 A of the German VAT act)<\/p>\n<p>Responsible for the Contents of this website: <strong>Alexander Sorg<\/strong><br \/>\n(In accordance with \u00a7 55 ABS. 2 RSTV)<\/p>\n<p>&nbsp;<\/p>\n<p>HAFTUNGSAUSSCHLUSS<\/p>\n<p><strong>Haftung f\u00fcr Inhalte<\/strong><\/p>\n<p>Die Inhalte unserer Seiten wurden mit gr\u00f6\u00dfter Sorgfalt erstellt. F\u00fcr die Richtigkeit, Vollst\u00e4ndigkeit und Aktualit\u00e4t der Inhalte k\u00f6nnen wir jedoch keine Gew\u00e4hr \u00fcbernehmen. Als Diensteanbieter sind wir gem\u00e4\u00df \u00a7 7 Abs.1 TMG f\u00fcr eigene Inhalte auf diesen Seiten nach den allgemeinen Gesetzen verantwortlich. Nach \u00a7\u00a7 8 bis 10 TMG sind wir als Diensteanbieter jedoch nicht verpflichtet, \u00fcbermittelte oder gespeicherte fremde Informationen zu \u00fcberwachen oder nach Umst\u00e4nden zu forschen, die auf eine rechtswidrige T\u00e4tigkeit hinweisen. Verpflichtungen zur Entfernung oder Sperrung der Nutzung von Informationen nach den allgemeinen Gesetzen bleiben hiervon unber\u00fchrt. Eine diesbez\u00fcgliche Haftung ist jedoch erst ab dem Zeitpunkt der Kenntnis einer konkreten Rechtsverletzung m\u00f6glich. Bei Bekanntwerden von entsprechenden Rechtsverletzungen werden wir diese Inhalte umgehend entfernen.<\/p>\n<p><strong>Haftung f\u00fcr Links<br \/>\n<\/strong><br \/>\nUnser Angebot enth\u00e4lt Links zu externen Webseiten Dritter, auf deren Inhalte wir keinen Einfluss haben. Deshalb k\u00f6nnen wir f\u00fcr diese fremden Inhalte auch keine Gew\u00e4hr \u00fcbernehmen. F\u00fcr die Inhalte der verlinkten Seiten ist stets der jeweilige Anbieter oder Betreiber der Seiten verantwortlich. Die verlinkten Seiten wurden zum Zeitpunkt der Verlinkung auf m\u00f6gliche Rechtsverst\u00f6\u00dfe \u00fcberpr\u00fcft. Rechtswidrige Inhalte waren zum Zeitpunkt der Verlinkung nicht erkennbar. Eine permanente inhaltliche Kontrolle der verlinkten Seiten ist jedoch ohne konkrete Anhaltspunkte einer Rechtsverletzung nicht zumutbar. Bei Bekanntwerden von Rechtsverletzungen werden wir derartige Links umgehend entfernen.<\/p>\n<p><strong>Urheberrecht<br \/>\n<\/strong><br \/>\nDie durch die Seitenbetreiber erstellten bzw. verwendeten Inhalte und Werke auf diesen Seiten unterliegen dem deutschen Urheberrecht. Die Vervielf\u00e4ltigung, Bearbeitung, Verbreitung und jede Art der Verwertung au\u00dferhalb der Grenzen des Urheberrechtes bed\u00fcrfen der Zustimmung des jeweiligen Autors bzw. Erstellers. Downloads und Kopien dieser Seite sind nur f\u00fcr den privaten, nicht kommerziellen Gebrauch gestattet. Soweit die Inhalte auf dieser Seite nicht vom Betreiber erstellt wurden, werden die Urheberrechte Dritter beachtet. Insbesondere werden Inhalte Dritter als solche gekennzeichnet. Sollten Sie trotzdem auf eine Urheberrechtsverletzung aufmerksam werden, bitten wir um einen entsprechenden Hinweis. Bei Bekanntwerden von Rechtsverletzungen werden wir derartige Inhalte umgehend entfernen.<\/p>\n<p>GENDER HINWEIS<\/p>\n<p><span class=\"ui-provider fz b c d e f g h i j k l m n o p q r s t u v w x y z ab ac ae af ag ah ai aj ak\" dir=\"ltr\">Aus Gr\u00fcnden der besseren Lesbarkeit wird auf die gleichzeitige Verwendung der Sprachformen m\u00e4nnlich, weiblich und divers (m\/w\/d) verzichtet. S\u00e4mtliche Personenbezeichnungen gelten gleicherma\u00dfen f\u00fcr alle Geschlechter. Die verk\u00fcrzte Sprachform hat nur redaktionelle Gr\u00fcnde und beinhaltet keine Wertung. \u00a0\u00a0<\/span><\/p>\n<p>&nbsp;<\/p>\n<hr \/>\n<p>&nbsp;<\/p>\n<p>KONZEPTION &amp; UMSETZUNG<\/p>\n<p>ArmstrongB2B\u00ae<br \/>\n<a href=\"https:\/\/armstrongb2b.com\/\">armstrongb2b.com<\/a><\/p>\n                <\/div>\r\n            <\/div>\r\n        <\/div>\r\n    <\/div>\r\n\r\n<\/section>","protected":false},"excerpt":{"rendered":"","protected":false},"author":1,"featured_media":0,"parent":0,"menu_order":5,"comment_status":"closed","ping_status":"closed","template":"","meta":{"_acf_changed":false,"footnotes":""},"class_list":["post-6283","page","type-page","status-publish","hentry"],"acf":[],"yoast_head":"<!-- This site is optimized with the Yoast SEO plugin v27.3 - https:\/\/yoast.com\/product\/yoast-seo-wordpress\/ -->\n<title>Impressum - SKS<\/title>\n<meta name=\"robots\" content=\"index, follow, max-snippet:-1, max-image-preview:large, max-video-preview:-1\" \/>\n<link rel=\"canonical\" href=\"https:\/\/www.sks.net\/de\/impressum\/\" \/>\n<meta property=\"og:locale\" content=\"de_DE\" \/>\n<meta property=\"og:type\" content=\"article\" \/>\n<meta property=\"og:title\" content=\"Impressum - SKS\" \/>\n<meta property=\"og:url\" content=\"https:\/\/www.sks.net\/de\/impressum\/\" \/>\n<meta property=\"og:site_name\" content=\"SKS\" \/>\n<meta property=\"article:modified_time\" content=\"2024-08-21T16:12:27+00:00\" \/>\n<meta name=\"twitter:card\" content=\"summary_large_image\" \/>\n<script type=\"application\/ld+json\" class=\"yoast-schema-graph\">{\"@context\":\"https:\\\/\\\/schema.org\",\"@graph\":[{\"@type\":\"WebPage\",\"@id\":\"https:\\\/\\\/www.sks.net\\\/de\\\/impressum\\\/\",\"url\":\"https:\\\/\\\/www.sks.net\\\/de\\\/impressum\\\/\",\"name\":\"Impressum - SKS\",\"isPartOf\":{\"@id\":\"https:\\\/\\\/www.sks.net\\\/de\\\/#website\"},\"datePublished\":\"2021-12-16T10:40:02+00:00\",\"dateModified\":\"2024-08-21T16:12:27+00:00\",\"breadcrumb\":{\"@id\":\"https:\\\/\\\/www.sks.net\\\/de\\\/impressum\\\/#breadcrumb\"},\"inLanguage\":\"de\",\"potentialAction\":[{\"@type\":\"ReadAction\",\"target\":[\"https:\\\/\\\/www.sks.net\\\/de\\\/impressum\\\/\"]}]},{\"@type\":\"BreadcrumbList\",\"@id\":\"https:\\\/\\\/www.sks.net\\\/de\\\/impressum\\\/#breadcrumb\",\"itemListElement\":[{\"@type\":\"ListItem\",\"position\":1,\"name\":\"Home\",\"item\":\"https:\\\/\\\/www.sks.net\\\/de\\\/homepage\\\/\"},{\"@type\":\"ListItem\",\"position\":2,\"name\":\"Impressum\"}]},{\"@type\":\"WebSite\",\"@id\":\"https:\\\/\\\/www.sks.net\\\/de\\\/#website\",\"url\":\"https:\\\/\\\/www.sks.net\\\/de\\\/\",\"name\":\"SKS\",\"description\":\"\",\"publisher\":{\"@id\":\"https:\\\/\\\/www.sks.net\\\/de\\\/#organization\"},\"potentialAction\":[{\"@type\":\"SearchAction\",\"target\":{\"@type\":\"EntryPoint\",\"urlTemplate\":\"https:\\\/\\\/www.sks.net\\\/de\\\/?s={search_term_string}\"},\"query-input\":{\"@type\":\"PropertyValueSpecification\",\"valueRequired\":true,\"valueName\":\"search_term_string\"}}],\"inLanguage\":\"de\"},{\"@type\":\"Organization\",\"@id\":\"https:\\\/\\\/www.sks.net\\\/de\\\/#organization\",\"name\":\"SKS\",\"url\":\"https:\\\/\\\/www.sks.net\\\/de\\\/\",\"logo\":{\"@type\":\"ImageObject\",\"inLanguage\":\"de\",\"@id\":\"https:\\\/\\\/www.sks.net\\\/de\\\/#\\\/schema\\\/logo\\\/image\\\/\",\"url\":\"https:\\\/\\\/www.sks.net\\\/wp-content\\\/uploads\\\/2021\\\/12\\\/logo_alt.png\",\"contentUrl\":\"https:\\\/\\\/www.sks.net\\\/wp-content\\\/uploads\\\/2021\\\/12\\\/logo_alt.png\",\"width\":250,\"height\":70,\"caption\":\"SKS\"},\"image\":{\"@id\":\"https:\\\/\\\/www.sks.net\\\/de\\\/#\\\/schema\\\/logo\\\/image\\\/\"}}]}<\/script>\n<!-- \/ Yoast SEO plugin. -->","yoast_head_json":{"title":"Impressum - SKS","robots":{"index":"index","follow":"follow","max-snippet":"max-snippet:-1","max-image-preview":"max-image-preview:large","max-video-preview":"max-video-preview:-1"},"canonical":"https:\/\/www.sks.net\/de\/impressum\/","og_locale":"de_DE","og_type":"article","og_title":"Impressum - SKS","og_url":"https:\/\/www.sks.net\/de\/impressum\/","og_site_name":"SKS","article_modified_time":"2024-08-21T16:12:27+00:00","twitter_card":"summary_large_image","schema":{"@context":"https:\/\/schema.org","@graph":[{"@type":"WebPage","@id":"https:\/\/www.sks.net\/de\/impressum\/","url":"https:\/\/www.sks.net\/de\/impressum\/","name":"Impressum - SKS","isPartOf":{"@id":"https:\/\/www.sks.net\/de\/#website"},"datePublished":"2021-12-16T10:40:02+00:00","dateModified":"2024-08-21T16:12:27+00:00","breadcrumb":{"@id":"https:\/\/www.sks.net\/de\/impressum\/#breadcrumb"},"inLanguage":"de","potentialAction":[{"@type":"ReadAction","target":["https:\/\/www.sks.net\/de\/impressum\/"]}]},{"@type":"BreadcrumbList","@id":"https:\/\/www.sks.net\/de\/impressum\/#breadcrumb","itemListElement":[{"@type":"ListItem","position":1,"name":"Home","item":"https:\/\/www.sks.net\/de\/homepage\/"},{"@type":"ListItem","position":2,"name":"Impressum"}]},{"@type":"WebSite","@id":"https:\/\/www.sks.net\/de\/#website","url":"https:\/\/www.sks.net\/de\/","name":"SKS","description":"","publisher":{"@id":"https:\/\/www.sks.net\/de\/#organization"},"potentialAction":[{"@type":"SearchAction","target":{"@type":"EntryPoint","urlTemplate":"https:\/\/www.sks.net\/de\/?s={search_term_string}"},"query-input":{"@type":"PropertyValueSpecification","valueRequired":true,"valueName":"search_term_string"}}],"inLanguage":"de"},{"@type":"Organization","@id":"https:\/\/www.sks.net\/de\/#organization","name":"SKS","url":"https:\/\/www.sks.net\/de\/","logo":{"@type":"ImageObject","inLanguage":"de","@id":"https:\/\/www.sks.net\/de\/#\/schema\/logo\/image\/","url":"https:\/\/www.sks.net\/wp-content\/uploads\/2021\/12\/logo_alt.png","contentUrl":"https:\/\/www.sks.net\/wp-content\/uploads\/2021\/12\/logo_alt.png","width":250,"height":70,"caption":"SKS"},"image":{"@id":"https:\/\/www.sks.net\/de\/#\/schema\/logo\/image\/"}}]}},"_links":{"self":[{"href":"https:\/\/www.sks.net\/de\/wp-json\/wp\/v2\/pages\/6283","targetHints":{"allow":["GET"]}}],"collection":[{"href":"https:\/\/www.sks.net\/de\/wp-json\/wp\/v2\/pages"}],"about":[{"href":"https:\/\/www.sks.net\/de\/wp-json\/wp\/v2\/types\/page"}],"author":[{"embeddable":true,"href":"https:\/\/www.sks.net\/de\/wp-json\/wp\/v2\/users\/1"}],"replies":[{"embeddable":true,"href":"https:\/\/www.sks.net\/de\/wp-json\/wp\/v2\/comments?post=6283"}],"version-history":[{"count":4,"href":"https:\/\/www.sks.net\/de\/wp-json\/wp\/v2\/pages\/6283\/revisions"}],"predecessor-version":[{"id":6390,"href":"https:\/\/www.sks.net\/de\/wp-json\/wp\/v2\/pages\/6283\/revisions\/6390"}],"wp:attachment":[{"href":"https:\/\/www.sks.net\/de\/wp-json\/wp\/v2\/media?parent=6283"}],"curies":[{"name":"wp","href":"https:\/\/api.w.org\/{rel}","templated":true}]}}