{"id":6255,"date":"2023-06-09T11:36:40","date_gmt":"2023-06-09T11:36:40","guid":{"rendered":"https:\/\/www.sks.net\/?page_id=6255"},"modified":"2024-11-18T13:06:42","modified_gmt":"2024-11-18T13:06:42","slug":"unsere-erfahrungen","status":"publish","type":"page","link":"https:\/\/www.sks.net\/de\/unsere-erfahrungen\/","title":{"rendered":"Unsere Erfahrungen"},"content":{"rendered":"\r\n<section id=\"image-hero-with-content-block_3f1e482c907dca2fcd97d47439ee35bb\" class=\"image-hero-with-content\">\r\n\r\n    <div class=\"image-hero-with-content-image-container\" style=\" background: linear-gradient(90deg, rgba(0,0,0,0.5) 0%, rgba(255,255,255,0) 75%), url('https:\/\/www.sks.net\/wp-content\/uploads\/2023\/06\/HS2A5497.jpg'),    no-repeat; background-position: center !important;\" data-aos=\"fade-down\">\r\n\r\n        <div class=\"main-container\">\r\n            <div class=\"container-fluid\">\r\n                <div class=\"row full-width-image-info-light-text image-hero-with-content-text\">\r\n                    <div class=\"col-lg-7  image-hero-with-content-text-container  \">\r\n                        <div class=\"image-hero-with-content-inner\">\r\n                            <h5><\/h5>\r\n                            <h1 class=\"image-hero-with-content-title\" class=\"\">Unsere Erfahrungen<\/h1>\r\n                                                                                <\/div>\r\n                    <\/div>\r\n\r\n                    <div class=\"col-lg-5 d-none d-lg-block\">\r\n\r\n                    <\/div>\r\n                <\/div>\r\n            <\/div>\r\n        <\/div>\r\n\r\n\r\n    <\/div>\r\n\r\n\r\n\r\n    <!-- <span style=\"display: flex;\">\r\n        <img decoding=\"async\" src=\"https:\/\/www.sks.net\/wp-content\/themes\/armstrong\/img\/angled_line_left_end.svg\" alt=\"\" v>\r\n        <hr style=\"flex-grow: 1; margin: 0;\">\r\n    <\/span> -->\r\n<\/section>\n\n\r\n<section id=\"angled-image-info-block_56f200356fc201f4bb41db7a67b3ec5a\" class=\"angled-image-info\" style=\"overflow-x: hidden;\">\r\n\r\n    \r\n        <div class=\"main-container \">\r\n            <div class=\"container-fluid\">\r\n\r\n                <div class=\"col-lg-12\">\r\n                    <div style=\"display: flex; justify-content: space-between; flex-wrap: wrap; align-items: center;\">\r\n\r\n                        <div class=\"angled-image-info-text-content-left\" data-aos=\"fade-right\">\r\n                            <h5><\/h5>\r\n                            <h3>\u00dcBER 150 JAHRE IN \u00dcBER 60 L\u00c4NDERN<\/h3>\r\n                            <p><p>Wir verf\u00fcgen \u00fcber mehr als 150 Jahre Erfahrung in der Arbeit unter schwierigsten Bedingungen. Unser Expertenteam verf\u00fcgt \u00fcber un\u00fcbertroffenes Praxiswissen und eine ausgekl\u00fcgelte Methode f\u00fcr den Bau, die Reparatur und die Wartung von Schmelzanlagen.<\/p>\n<p>Da wir unter extremen Bedingungen arbeiten, steht die Sicherheit an erster Stelle. Unsere Spezialisten k\u00f6nnen Ihre Anlagen inspizieren, reparieren oder warten, ohne die Produktion zu unterbrechen &#8211; es hat Jahre der Erfahrung gebraucht, um unser Handwerk zu perfektionieren, und deshalb sind wir als f\u00fchrend in unserem Bereich anerkannt.<\/p>\n<\/p>\r\n\r\n                                                    <\/div>\r\n\r\n\r\n\r\n\r\n\r\n\r\n\r\n\r\n\r\n                        <div class=\" angled-image-info-container\">\r\n\r\n                            <div data-aos=\"fade-left\" class=\" angled-image-info-image-right\">\r\n                                <img decoding=\"async\" src=\"https:\/\/www.sks.net\/wp-content\/uploads\/2023\/06\/HS2A6552.jpg\" alt=\"\" data-speed=\"1\" class=\"\">\r\n\r\n                            <\/div>\r\n                        <\/div>\r\n\r\n\r\n\r\n\r\n\r\n                    <\/div>\r\n\r\n                <\/div>\r\n            <\/div>\r\n        <\/div>\r\n    \r\n<\/section>\n\n\r\n<section id=\"angled-image-info-block_7b143d1f0a443754d7966bd8a32ef565\" class=\"angled-image-info\" style=\"overflow-x: hidden;\">\r\n\r\n    \r\n\r\n        <div class=\"main-container \">\r\n            <div class=\"container-fluid\">\r\n\r\n                <div class=\"col-lg-12\">\r\n                    <div style=\"display: flex; justify-content: space-between; flex-wrap: wrap; align-items: center;\">\r\n                        <div class=\"col-lg-12 angled-image-info-container\">\r\n\r\n                            <div data-aos=\"fade-right\" class=\"parallax-container angled-image-info-image-left\">\r\n                                <img decoding=\"async\" src=\"https:\/\/www.sks.net\/wp-content\/uploads\/2023\/08\/HS2A6347.jpg\" alt=\"\" data-speed=\"1\" class=\"\">\r\n\r\n                            <\/div>\r\n                        <\/div>\r\n\r\n\r\n\r\n\r\n                        <div class=\"angled-image-info-text-content-right\" data-aos=\"fade-left\">\r\n                            <h5><\/h5>\r\n                            <h3>Sicherheit<\/h3>\r\n                            <p><p>Unser Sicherheitskonzept ist als eines der besten der Welt anerkannt und steht im Mittelpunkt unseres Handelns. Wir erf\u00fcllen strenge Standards, \u00fcberpr\u00fcfen und verbessern unsere Verfahren regelm\u00e4\u00dfig, um sicherzustellen, dass unser Team in Ihrer Anlage effizient und sicher arbeitet.<\/p>\n<p>Die Sicherheitsingenieure von SKS k\u00f6nnen den kompletten Bau von Schmelzwannen vor Ort begleiten, und alle unsere Mitarbeiter werden regelm\u00e4\u00dfig in Sachen Sicherheit geschult.<\/p>\n<\/p>\r\n                                                    <\/div>\r\n\r\n\r\n                    <\/div>\r\n                <\/div>\r\n            <\/div>\r\n        <\/div>\r\n\r\n    \r\n<\/section>\n\n\r\n<section id=\"angled-image-info-block_329c4ddcc62e49fdc42c587c43c84441\" class=\"angled-image-info\" style=\"overflow-x: hidden;\">\r\n\r\n    \r\n        <div class=\"main-container \">\r\n            <div class=\"container-fluid\">\r\n\r\n                <div class=\"col-lg-12\">\r\n                    <div style=\"display: flex; justify-content: space-between; flex-wrap: wrap; align-items: center;\">\r\n\r\n                        <div class=\"angled-image-info-text-content-left\" data-aos=\"fade-right\">\r\n                            <h5><\/h5>\r\n                            <h3>Personalentwicklung<\/h3>\r\n                            <p><p>Unsere Mitarbeiter geh\u00f6ren zu den erfahrensten in der Branche. Wir investieren kontinuierlich in die Entwicklung und Schulung unserer Mitarbeiter, wir f\u00f6rdern aktiv die berufliche Weiterentwicklung um unseren Kunden den besten Service zu bieten.<\/p>\n<p>Mit \u00fcber 200 Mitarbeitern kann unser multidisziplin\u00e4res Team einen umfassenden Service \u00fcber den gesamten Lebenszyklus einer Schmelzanlage anbieten. Dabei arbeitet jedes Team mit den neuesten Technologien, um die h\u00f6chsten Standards bei Wartung, Betrieb und Sicherheit der Anlagen zu erf\u00fcllen.<\/p>\n<\/p>\r\n\r\n                                                    <\/div>\r\n\r\n\r\n\r\n\r\n\r\n\r\n\r\n\r\n\r\n                        <div class=\" angled-image-info-container\">\r\n\r\n                            <div data-aos=\"fade-left\" class=\" angled-image-info-image-right\">\r\n                                <img decoding=\"async\" src=\"https:\/\/www.sks.net\/wp-content\/uploads\/2023\/08\/HS2A6078.jpg\" alt=\"\" data-speed=\"1\" class=\"\">\r\n\r\n                            <\/div>\r\n                        <\/div>\r\n\r\n\r\n\r\n\r\n\r\n                    <\/div>\r\n\r\n                <\/div>\r\n            <\/div>\r\n        <\/div>\r\n    \r\n<\/section>","protected":false},"excerpt":{"rendered":"","protected":false},"author":1,"featured_media":0,"parent":0,"menu_order":0,"comment_status":"closed","ping_status":"closed","template":"","meta":{"_acf_changed":false,"footnotes":""},"class_list":["post-6255","page","type-page","status-publish","hentry"],"acf":[],"yoast_head":"<!-- This site is optimized with the Yoast SEO plugin v27.3 - https:\/\/yoast.com\/product\/yoast-seo-wordpress\/ -->\n<title>Unsere Erfahrungen - SKS<\/title>\n<meta name=\"robots\" content=\"index, follow, max-snippet:-1, max-image-preview:large, max-video-preview:-1\" \/>\n<link rel=\"canonical\" href=\"https:\/\/www.sks.net\/de\/unsere-erfahrungen\/\" \/>\n<meta property=\"og:locale\" content=\"de_DE\" \/>\n<meta property=\"og:type\" content=\"article\" \/>\n<meta property=\"og:title\" content=\"Unsere Erfahrungen - SKS\" \/>\n<meta property=\"og:url\" content=\"https:\/\/www.sks.net\/de\/unsere-erfahrungen\/\" \/>\n<meta property=\"og:site_name\" content=\"SKS\" \/>\n<meta property=\"article:modified_time\" content=\"2024-11-18T13:06:42+00:00\" \/>\n<meta name=\"twitter:card\" content=\"summary_large_image\" \/>\n<script type=\"application\/ld+json\" class=\"yoast-schema-graph\">{\"@context\":\"https:\\\/\\\/schema.org\",\"@graph\":[{\"@type\":\"WebPage\",\"@id\":\"https:\\\/\\\/www.sks.net\\\/de\\\/unsere-erfahrungen\\\/\",\"url\":\"https:\\\/\\\/www.sks.net\\\/de\\\/unsere-erfahrungen\\\/\",\"name\":\"Unsere Erfahrungen - SKS\",\"isPartOf\":{\"@id\":\"https:\\\/\\\/www.sks.net\\\/de\\\/#website\"},\"datePublished\":\"2023-06-09T11:36:40+00:00\",\"dateModified\":\"2024-11-18T13:06:42+00:00\",\"breadcrumb\":{\"@id\":\"https:\\\/\\\/www.sks.net\\\/de\\\/unsere-erfahrungen\\\/#breadcrumb\"},\"inLanguage\":\"de\",\"potentialAction\":[{\"@type\":\"ReadAction\",\"target\":[\"https:\\\/\\\/www.sks.net\\\/de\\\/unsere-erfahrungen\\\/\"]}]},{\"@type\":\"BreadcrumbList\",\"@id\":\"https:\\\/\\\/www.sks.net\\\/de\\\/unsere-erfahrungen\\\/#breadcrumb\",\"itemListElement\":[{\"@type\":\"ListItem\",\"position\":1,\"name\":\"Home\",\"item\":\"https:\\\/\\\/www.sks.net\\\/de\\\/homepage\\\/\"},{\"@type\":\"ListItem\",\"position\":2,\"name\":\"Unsere Erfahrungen\"}]},{\"@type\":\"WebSite\",\"@id\":\"https:\\\/\\\/www.sks.net\\\/de\\\/#website\",\"url\":\"https:\\\/\\\/www.sks.net\\\/de\\\/\",\"name\":\"SKS\",\"description\":\"\",\"publisher\":{\"@id\":\"https:\\\/\\\/www.sks.net\\\/de\\\/#organization\"},\"potentialAction\":[{\"@type\":\"SearchAction\",\"target\":{\"@type\":\"EntryPoint\",\"urlTemplate\":\"https:\\\/\\\/www.sks.net\\\/de\\\/?s={search_term_string}\"},\"query-input\":{\"@type\":\"PropertyValueSpecification\",\"valueRequired\":true,\"valueName\":\"search_term_string\"}}],\"inLanguage\":\"de\"},{\"@type\":\"Organization\",\"@id\":\"https:\\\/\\\/www.sks.net\\\/de\\\/#organization\",\"name\":\"SKS\",\"url\":\"https:\\\/\\\/www.sks.net\\\/de\\\/\",\"logo\":{\"@type\":\"ImageObject\",\"inLanguage\":\"de\",\"@id\":\"https:\\\/\\\/www.sks.net\\\/de\\\/#\\\/schema\\\/logo\\\/image\\\/\",\"url\":\"https:\\\/\\\/www.sks.net\\\/wp-content\\\/uploads\\\/2021\\\/12\\\/logo_alt.png\",\"contentUrl\":\"https:\\\/\\\/www.sks.net\\\/wp-content\\\/uploads\\\/2021\\\/12\\\/logo_alt.png\",\"width\":250,\"height\":70,\"caption\":\"SKS\"},\"image\":{\"@id\":\"https:\\\/\\\/www.sks.net\\\/de\\\/#\\\/schema\\\/logo\\\/image\\\/\"}}]}<\/script>\n<!-- \/ Yoast SEO plugin. -->","yoast_head_json":{"title":"Unsere Erfahrungen - SKS","robots":{"index":"index","follow":"follow","max-snippet":"max-snippet:-1","max-image-preview":"max-image-preview:large","max-video-preview":"max-video-preview:-1"},"canonical":"https:\/\/www.sks.net\/de\/unsere-erfahrungen\/","og_locale":"de_DE","og_type":"article","og_title":"Unsere Erfahrungen - SKS","og_url":"https:\/\/www.sks.net\/de\/unsere-erfahrungen\/","og_site_name":"SKS","article_modified_time":"2024-11-18T13:06:42+00:00","twitter_card":"summary_large_image","schema":{"@context":"https:\/\/schema.org","@graph":[{"@type":"WebPage","@id":"https:\/\/www.sks.net\/de\/unsere-erfahrungen\/","url":"https:\/\/www.sks.net\/de\/unsere-erfahrungen\/","name":"Unsere Erfahrungen - SKS","isPartOf":{"@id":"https:\/\/www.sks.net\/de\/#website"},"datePublished":"2023-06-09T11:36:40+00:00","dateModified":"2024-11-18T13:06:42+00:00","breadcrumb":{"@id":"https:\/\/www.sks.net\/de\/unsere-erfahrungen\/#breadcrumb"},"inLanguage":"de","potentialAction":[{"@type":"ReadAction","target":["https:\/\/www.sks.net\/de\/unsere-erfahrungen\/"]}]},{"@type":"BreadcrumbList","@id":"https:\/\/www.sks.net\/de\/unsere-erfahrungen\/#breadcrumb","itemListElement":[{"@type":"ListItem","position":1,"name":"Home","item":"https:\/\/www.sks.net\/de\/homepage\/"},{"@type":"ListItem","position":2,"name":"Unsere Erfahrungen"}]},{"@type":"WebSite","@id":"https:\/\/www.sks.net\/de\/#website","url":"https:\/\/www.sks.net\/de\/","name":"SKS","description":"","publisher":{"@id":"https:\/\/www.sks.net\/de\/#organization"},"potentialAction":[{"@type":"SearchAction","target":{"@type":"EntryPoint","urlTemplate":"https:\/\/www.sks.net\/de\/?s={search_term_string}"},"query-input":{"@type":"PropertyValueSpecification","valueRequired":true,"valueName":"search_term_string"}}],"inLanguage":"de"},{"@type":"Organization","@id":"https:\/\/www.sks.net\/de\/#organization","name":"SKS","url":"https:\/\/www.sks.net\/de\/","logo":{"@type":"ImageObject","inLanguage":"de","@id":"https:\/\/www.sks.net\/de\/#\/schema\/logo\/image\/","url":"https:\/\/www.sks.net\/wp-content\/uploads\/2021\/12\/logo_alt.png","contentUrl":"https:\/\/www.sks.net\/wp-content\/uploads\/2021\/12\/logo_alt.png","width":250,"height":70,"caption":"SKS"},"image":{"@id":"https:\/\/www.sks.net\/de\/#\/schema\/logo\/image\/"}}]}},"_links":{"self":[{"href":"https:\/\/www.sks.net\/de\/wp-json\/wp\/v2\/pages\/6255","targetHints":{"allow":["GET"]}}],"collection":[{"href":"https:\/\/www.sks.net\/de\/wp-json\/wp\/v2\/pages"}],"about":[{"href":"https:\/\/www.sks.net\/de\/wp-json\/wp\/v2\/types\/page"}],"author":[{"embeddable":true,"href":"https:\/\/www.sks.net\/de\/wp-json\/wp\/v2\/users\/1"}],"replies":[{"embeddable":true,"href":"https:\/\/www.sks.net\/de\/wp-json\/wp\/v2\/comments?post=6255"}],"version-history":[{"count":6,"href":"https:\/\/www.sks.net\/de\/wp-json\/wp\/v2\/pages\/6255\/revisions"}],"predecessor-version":[{"id":6467,"href":"https:\/\/www.sks.net\/de\/wp-json\/wp\/v2\/pages\/6255\/revisions\/6467"}],"wp:attachment":[{"href":"https:\/\/www.sks.net\/de\/wp-json\/wp\/v2\/media?parent=6255"}],"curies":[{"name":"wp","href":"https:\/\/api.w.org\/{rel}","templated":true}]}}