{"id":6249,"date":"2021-10-08T14:24:32","date_gmt":"2021-10-08T14:24:32","guid":{"rendered":"https:\/\/www.sks.net\/?page_id=6249"},"modified":"2024-11-18T13:04:05","modified_gmt":"2024-11-18T13:04:05","slug":"services","status":"publish","type":"page","link":"https:\/\/www.sks.net\/de\/services\/","title":{"rendered":"Services"},"content":{"rendered":"<section id=\"product-links-block_72d970cf558936107cd83574966f4120\" class=\"product-links\" style=\"background-color:  !important;\">\r\n    <div class=\"product-links-container\">\r\n        <div class=\"main-container\">\r\n            <div class=\"container-fluid\">\r\n                <div class=\"row\">\r\n                    <div class=\"col-xl-6 col-lg-12 col-md-12\" data-aos=\"fade-right\">\r\n                        <h2>Services<\/h2>\r\n                    <\/div>\r\n                    <div class=\"col-xl-6 col-lg-12 col-md-12\" data-aos=\"fade-left\">\r\n                        SKS ist seit \u00fcber 150 Jahren f\u00fchrend beim Bau, Reparatur und Wartung von Glasschmelzanlagen. Wir haben einige einzigartige Installations- und Reparaturmethoden entwickelt, die es uns erm\u00f6glichen, unseren Kunden auf der ganzen Welt einen unvergleichlichen Service zu bieten. Unser unerm\u00fcdliches Bestreben, Methoden weiter zu entwickeln bedeutet, dass unsere Kunden Zugang zu den allerneuesten Entwicklungen in den Bereichen Glasschmelzen und <nobr>-konditionierung<\/nobr>, Anlageneffizienz und nachhaltiges Schmelzen haben.                    <\/div>\r\n                <\/div>\r\n                <div class=\"row\">\r\n                    <div class=\"col-lg-12\">\r\n                        <div class=\"box-container\">\r\n                                                                                                <a class=\"product-box\" style=\"letter-spacing: unset !important;\" href=\"https:\/\/www.sks.net\/de\/schmelzanlagenbau\/\" data-aos=\"fade-up\" data-aos-delay=\"50\">\r\n                                        <div>\r\n                                            <h5>Konstruktion<\/h5>\r\n                                            <br>\r\n                                            <p class=\"p-small\">Vom Ablassen und dem Abriss bis hin zu Stahl- und Feuerfestaufbau bietet SKS einen schl\u00fcsselfertigen Ansatz von der Stilllegung bis zur Inbetriebnahme einer Schmelzanlage und allem, was dazwischen liegt. In Zusammenarbeit mit dem Enginneringunternehmen liefern wir unsere Projekte termingerecht und mit h\u00f6chstem Standard f\u00fcr Ihre Produktion ab.<\/p>\r\n                                            <br>\r\n                                        <\/div>\r\n                                        <div class=\"product-links-icon-container\">\r\n                                            <!-- <svg xmlns=\"http:\/\/www.w3.org\/2000\/svg\" width=\"61.311\" height=\"88.64\" viewBox=\"0 0 61.311 88.64\">\r\n                                                <path id=\"Icon_ionic-ios-flame\" data-name=\"Icon ionic-ios-flame\" d=\"M30.512,3.375C36.584,31.56,7.666,30.995,7.876,59.368c.168,23.243,24.793,31.116,30.258,31.116S66.36,85.543,68.1,59.368C69.585,37.088,50.991,15.813,30.512,3.375ZM46.07,77.648c-2.136,8.146-13.82,8.167-16,.021a14.2,14.2,0,0,1-.5-3.664c0-8.585,8.5-18.49,8.5-18.49s8.46,9.9,8.46,18.49A13.175,13.175,0,0,1,46.07,77.648Z\" transform=\"translate(-7.375 -2.344)\" fill=\"none\" stroke=\"currentColor\" stroke-width=\"1\" \/>\r\n                                            <\/svg> -->\r\n                                            <p class=\"button\">ERFAHREN SIE MEHR<svg xmlns=\"http:\/\/www.w3.org\/2000\/svg\" xmlns:xlink=\"http:\/\/www.w3.org\/1999\/xlink\" width=\"6.185\" height=\"11.638\" viewBox=\"0 0 6.185 11.638\">\r\n\r\n                                            <\/p>\r\n                                        <\/div>\r\n                                    <\/a>\r\n                                                                    <a class=\"product-box\" style=\"letter-spacing: unset !important;\" href=\"https:\/\/www.sks.net\/de\/wartung-instandhaltung\/\" data-aos=\"fade-up\" data-aos-delay=\"150\">\r\n                                        <div>\r\n                                            <h5>Wartung &#038; Instandhaltung<\/h5>\r\n                                            <br>\r\n                                            <p class=\"p-small\">Wir beschaffen die besten Materialien und stellen erfahrenes Personal zur Verf\u00fcgung, um die Wartung &#038; Instandhaltung Ihrer Anlage sicherzustellen.<\/p>\r\n                                            <br>\r\n                                        <\/div>\r\n                                        <div class=\"product-links-icon-container\">\r\n                                            <!-- <svg xmlns=\"http:\/\/www.w3.org\/2000\/svg\" width=\"61.311\" height=\"88.64\" viewBox=\"0 0 61.311 88.64\">\r\n                                                <path id=\"Icon_ionic-ios-flame\" data-name=\"Icon ionic-ios-flame\" d=\"M30.512,3.375C36.584,31.56,7.666,30.995,7.876,59.368c.168,23.243,24.793,31.116,30.258,31.116S66.36,85.543,68.1,59.368C69.585,37.088,50.991,15.813,30.512,3.375ZM46.07,77.648c-2.136,8.146-13.82,8.167-16,.021a14.2,14.2,0,0,1-.5-3.664c0-8.585,8.5-18.49,8.5-18.49s8.46,9.9,8.46,18.49A13.175,13.175,0,0,1,46.07,77.648Z\" transform=\"translate(-7.375 -2.344)\" fill=\"none\" stroke=\"currentColor\" stroke-width=\"1\" \/>\r\n                                            <\/svg> -->\r\n                                            <p class=\"button\">ERFAHREN SIE MEHR<svg xmlns=\"http:\/\/www.w3.org\/2000\/svg\" xmlns:xlink=\"http:\/\/www.w3.org\/1999\/xlink\" width=\"6.185\" height=\"11.638\" viewBox=\"0 0 6.185 11.638\">\r\n\r\n                                            <\/p>\r\n                                        <\/div>\r\n                                    <\/a>\r\n                                                                    <a class=\"product-box\" style=\"letter-spacing: unset !important;\" href=\"https:\/\/www.sks.net\/de\/reparaturen\/\" data-aos=\"fade-up\" data-aos-delay=\"250\">\r\n                                        <div>\r\n                                            <h5>Reparaturen<\/h5>\r\n                                            <br>\r\n                                            <p class=\"p-small\">SKS hat sich einen Ruf als Spezialist f\u00fcr Hei\u00dfreparaturen und Keramisches Schwei\u00dfen erarbeitet. Unsere Spezialisten geh\u00f6ren zu den besten und erfahrensten der Welt und k\u00f6nnen jederzeit vor Ort sein, um die Betriebsf\u00e4higkeit Ihrer Anlage sicher zu stellen. <\/p>\r\n                                            <br>\r\n                                        <\/div>\r\n                                        <div class=\"product-links-icon-container\">\r\n                                            <!-- <svg xmlns=\"http:\/\/www.w3.org\/2000\/svg\" width=\"61.311\" height=\"88.64\" viewBox=\"0 0 61.311 88.64\">\r\n                                                <path id=\"Icon_ionic-ios-flame\" data-name=\"Icon ionic-ios-flame\" d=\"M30.512,3.375C36.584,31.56,7.666,30.995,7.876,59.368c.168,23.243,24.793,31.116,30.258,31.116S66.36,85.543,68.1,59.368C69.585,37.088,50.991,15.813,30.512,3.375ZM46.07,77.648c-2.136,8.146-13.82,8.167-16,.021a14.2,14.2,0,0,1-.5-3.664c0-8.585,8.5-18.49,8.5-18.49s8.46,9.9,8.46,18.49A13.175,13.175,0,0,1,46.07,77.648Z\" transform=\"translate(-7.375 -2.344)\" fill=\"none\" stroke=\"currentColor\" stroke-width=\"1\" \/>\r\n                                            <\/svg> -->\r\n                                            <p class=\"button\">ERFAHREN SIE MEHR<svg xmlns=\"http:\/\/www.w3.org\/2000\/svg\" xmlns:xlink=\"http:\/\/www.w3.org\/1999\/xlink\" width=\"6.185\" height=\"11.638\" viewBox=\"0 0 6.185 11.638\">\r\n\r\n                                            <\/p>\r\n                                        <\/div>\r\n                                    <\/a>\r\n                                                                    <a class=\"product-box\" style=\"letter-spacing: unset !important;\" href=\"https:\/\/www.sks.net\/de\/schmelzanlagen-audits\/\" data-aos=\"fade-up\" data-aos-delay=\"350\">\r\n                                        <div>\r\n                                            <h5>Schmelzanlagen Audits<\/h5>\r\n                                            <br>\r\n                                            <p class=\"p-small\">\u00dcber die Lebensdauer Ihrer Anlage bieten wir eine Reihe von Inspektionen an, darunter regelm\u00e4\u00dfige Inspektionen und endoskopische Untersuchungen. <\/p>\r\n                                            <br>\r\n                                        <\/div>\r\n                                        <div class=\"product-links-icon-container\">\r\n                                            <!-- <svg xmlns=\"http:\/\/www.w3.org\/2000\/svg\" width=\"61.311\" height=\"88.64\" viewBox=\"0 0 61.311 88.64\">\r\n                                                <path id=\"Icon_ionic-ios-flame\" data-name=\"Icon ionic-ios-flame\" d=\"M30.512,3.375C36.584,31.56,7.666,30.995,7.876,59.368c.168,23.243,24.793,31.116,30.258,31.116S66.36,85.543,68.1,59.368C69.585,37.088,50.991,15.813,30.512,3.375ZM46.07,77.648c-2.136,8.146-13.82,8.167-16,.021a14.2,14.2,0,0,1-.5-3.664c0-8.585,8.5-18.49,8.5-18.49s8.46,9.9,8.46,18.49A13.175,13.175,0,0,1,46.07,77.648Z\" transform=\"translate(-7.375 -2.344)\" fill=\"none\" stroke=\"currentColor\" stroke-width=\"1\" \/>\r\n                                            <\/svg> -->\r\n                                            <p class=\"button\">ERFAHREN SIE MEHR<svg xmlns=\"http:\/\/www.w3.org\/2000\/svg\" xmlns:xlink=\"http:\/\/www.w3.org\/1999\/xlink\" width=\"6.185\" height=\"11.638\" viewBox=\"0 0 6.185 11.638\">\r\n\r\n                                            <\/p>\r\n                                        <\/div>\r\n                                    <\/a>\r\n                                                                                    <\/div>\r\n                    <\/div>\r\n                <\/div>\r\n            <\/div>\r\n        <\/div>\r\n    <\/div>\r\n<\/section>\r\n\n\n\r\n<section id=\"angled-image-info-block_4cd83bcd327251968d64d7544b9384c9\" class=\"angled-image-info\" style=\"overflow-x: hidden;\">\r\n\r\n    \r\n        <div class=\"main-container \">\r\n            <div class=\"container-fluid\">\r\n\r\n                <div class=\"col-lg-12\">\r\n                    <div style=\"display: flex; justify-content: space-between; flex-wrap: wrap; align-items: center;\">\r\n\r\n                        <div class=\"angled-image-info-text-content-left\" data-aos=\"fade-right\">\r\n                            <h5>Ansatz<\/h5>\r\n                            <h3>Unser Ansatz<\/h3>\r\n                            <p><p>Unser Ansatz ist das, was uns auszeichnet. SKS und ihre Unternehmen bieten L\u00f6sungen aus einer Hand f\u00fcr den Bau, Reparatur und Umbauten von kleinen bis zu den gr\u00f6\u00dften und modernsten Schmelzanlagen der Welt.<\/p>\n<\/p>\r\n\r\n                                                            <a class=\"button\" href=\"\/de\/unsere-erfahrungen\">Entdecken Sie mehr<\/a>\r\n                                                    <\/div>\r\n\r\n\r\n\r\n\r\n\r\n\r\n\r\n\r\n\r\n                        <div class=\" angled-image-info-container\">\r\n\r\n                            <div data-aos=\"fade-left\" class=\" angled-image-info-image-right\">\r\n                                <img decoding=\"async\" src=\"https:\/\/www.sks.net\/wp-content\/uploads\/2024\/03\/installation-of-refractories-3-e1704203689590-copy-e1709832756469.jpg\" alt=\"\" data-speed=\"1\" class=\"\">\r\n\r\n                            <\/div>\r\n                        <\/div>\r\n\r\n\r\n\r\n\r\n\r\n                    <\/div>\r\n\r\n                <\/div>\r\n            <\/div>\r\n        <\/div>\r\n    \r\n<\/section>\n\n\r\n<section id=\"latest-newsblock_ad1570c9dd0b48ca098e42d56ea23280\" class=\"latest-news\">\r\n\r\n\r\n\r\n\r\n\r\n    <div class=\"main-container-full-left\">\r\n        <div class=\"latest-news-container\">\r\n\r\n            <div class=\"latest-news-image-container\" data-aos=\"fade-up\">\r\n\r\n                \r\n\r\n\r\n                                            <div class=\"latest-news-image latest-news-image-0 display-block fade-in-left\" style=\"background: url('https:\/\/www.sks.net\/wp-content\/uploads\/2026\/02\/008e2964-861f-4fd0-bf8f-23acb6f9087828-1024x682.jpg') no-repeat;\"><\/div>\r\n\r\n\r\n\r\n                                            <div class=\"latest-news-image latest-news-image-1  fade-in-left\" style=\"background: url('https:\/\/www.sks.net\/wp-content\/uploads\/2026\/02\/008e2964-861f-4fd0-bf8f-23acb6f9087828-1024x682.jpg') no-repeat;\"><\/div>\r\n\r\n\r\n\r\n                                            <div class=\"latest-news-image latest-news-image-2  fade-in-left\" style=\"background: url('https:\/\/www.sks.net\/wp-content\/uploads\/2026\/02\/IMG_2254-2-1024x768.jpeg') no-repeat;\"><\/div>\r\n\r\n\r\n\r\n                    \r\n\r\n                    \r\n                \r\n\r\n            <\/div>\r\n\r\n            <div class=\"latest-news-right-container\" data-aos=\"fade-right\">\r\n\r\n                <h3>Aktuelle News<\/h3>\r\n                <div>\r\n\r\n                    \r\n\r\n\r\n                                                    <div class=\"latest-news-list\">\r\n                                <a href=\"https:\/\/www.sks.net\/de\/aktuelles\/die-sorg-gruppe-schliesst-den-umbau-der-wanne-1-fuer-bangkok-glass-industries-im-werk-prachinburi-erfolgreich-ab\/\" class=\"latest-news-list-item latest-news-list-item-0\">\r\n                                    <p class=\"latest-news-date\">02\/26<\/p>\r\n                                    <p style=\"flex-grow: 1\" class=\"latest-news-title\">Die SORG-Gruppe schlie\u00dft den Umbau der Wanne 1 f\u00fcr Bangkok Glass Industries im Werk\u00a0Prachinburi\u00a0erfolgreich ab\u00a0<\/p>\r\n                                <\/a>\r\n                            <\/div>\r\n\r\n\r\n\r\n                                                    <div class=\"latest-news-list\">\r\n                                <a href=\"https:\/\/www.sks.net\/de\/aktuelles\/die-sorg-gruppe-liefert-die-zweite-glasschmelzwanne-an-arglass-in-valdosta-georgia-usa\/\" class=\"latest-news-list-item latest-news-list-item-1\">\r\n                                    <p class=\"latest-news-date\">02\/26<\/p>\r\n                                    <p style=\"flex-grow: 1\" class=\"latest-news-title\">Die SORG-Gruppe\u00a0liefert\u00a0die\u00a0zweite\u00a0Glasschmelzwanne\u00a0an ARGLASS in Valdosta, Georgia, USA<\/p>\r\n                                <\/a>\r\n                            <\/div>\r\n\r\n\r\n\r\n                                                    <div class=\"latest-news-list\">\r\n                                <a href=\"https:\/\/www.sks.net\/de\/aktuelles\/die-sorg-gruppe-freut-sich-ueber-zwei-auftraege-zur-rekonstruktion-der-schmelzwannen-im-heinz-glas-werk-in-dzialdowo-polen\/\" class=\"latest-news-list-item latest-news-list-item-2\">\r\n                                    <p class=\"latest-news-date\">12\/25<\/p>\r\n                                    <p style=\"flex-grow: 1\" class=\"latest-news-title\">Die SORG-Gruppe freut sich \u00fcber zwei Auftr\u00e4ge zur Rekonstruktion der Schmelzwannen im HEINZ-GLAS-Werk in Dzia\u0142dowo, Polen.\u00a0<\/p>\r\n                                <\/a>\r\n                            <\/div>\r\n\r\n\r\n\r\n                        \r\n\r\n                        \r\n                    \r\n                <\/div>\r\n\r\n\r\n                <span class=\"arrow-link\">\r\n                    <a href=\"https:\/\/www.sks.net\/de\/aktuelles\/\">Alle news<\/a>\r\n                    <svg xmlns=\"http:\/\/www.w3.org\/2000\/svg\" xmlns:xlink=\"http:\/\/www.w3.org\/1999\/xlink\" width=\"6.185\" height=\"11.638\" viewBox=\"0 0 6.185 11.638\">\r\n                        <defs>\r\n                            <clipPath id=\"clip-path\">\r\n                                <rect id=\"Rectangle_129\" data-name=\"Rectangle 129\" width=\"11.638\" height=\"6.185\" transform=\"translate(0 0)\" fill=\"#00070a\" \/>\r\n                            <\/clipPath>\r\n                        <\/defs>\r\n                        <g id=\"Group_93\" data-name=\"Group 93\" transform=\"translate(0 11.638) rotate(-90)\">\r\n                            <g id=\"Group_43\" data-name=\"Group 43\" transform=\"translate(0 0)\" clip-path=\"url(#clip-path)\">\r\n                                <path id=\"Path_123\" data-name=\"Path 123\" d=\"M5.819,6.185a.365.365,0,0,1-.259-.107L.107.625A.366.366,0,0,1,.625.107L5.819,5.3,11.013.107a.366.366,0,0,1,.518.518L6.078,6.078a.365.365,0,0,1-.259.107\" transform=\"translate(0 0)\" fill=\"currentColor\" \/>\r\n                    <\/svg>\r\n                <\/span>\r\n\r\n            <\/div>\r\n        <\/div>\r\n    <\/div>\r\n\r\n<\/section>\r\n","protected":false},"excerpt":{"rendered":"","protected":false},"author":1,"featured_media":0,"parent":0,"menu_order":37,"comment_status":"closed","ping_status":"closed","template":"","meta":{"_acf_changed":false,"footnotes":""},"class_list":["post-6249","page","type-page","status-publish","hentry"],"acf":[],"yoast_head":"<!-- This site is optimized with the Yoast SEO plugin v27.3 - https:\/\/yoast.com\/product\/yoast-seo-wordpress\/ -->\n<title>Services - SKS<\/title>\n<meta name=\"robots\" content=\"index, follow, max-snippet:-1, max-image-preview:large, max-video-preview:-1\" \/>\n<link rel=\"canonical\" href=\"https:\/\/www.sks.net\/de\/services\/\" \/>\n<meta property=\"og:locale\" content=\"de_DE\" \/>\n<meta property=\"og:type\" content=\"article\" \/>\n<meta property=\"og:title\" content=\"Services - SKS\" \/>\n<meta property=\"og:url\" content=\"https:\/\/www.sks.net\/de\/services\/\" \/>\n<meta property=\"og:site_name\" content=\"SKS\" \/>\n<meta property=\"article:modified_time\" content=\"2024-11-18T13:04:05+00:00\" \/>\n<meta name=\"twitter:card\" content=\"summary_large_image\" \/>\n<script type=\"application\/ld+json\" class=\"yoast-schema-graph\">{\"@context\":\"https:\\\/\\\/schema.org\",\"@graph\":[{\"@type\":\"WebPage\",\"@id\":\"https:\\\/\\\/www.sks.net\\\/de\\\/services\\\/\",\"url\":\"https:\\\/\\\/www.sks.net\\\/de\\\/services\\\/\",\"name\":\"Services - SKS\",\"isPartOf\":{\"@id\":\"https:\\\/\\\/www.sks.net\\\/de\\\/#website\"},\"datePublished\":\"2021-10-08T14:24:32+00:00\",\"dateModified\":\"2024-11-18T13:04:05+00:00\",\"breadcrumb\":{\"@id\":\"https:\\\/\\\/www.sks.net\\\/de\\\/services\\\/#breadcrumb\"},\"inLanguage\":\"de\",\"potentialAction\":[{\"@type\":\"ReadAction\",\"target\":[\"https:\\\/\\\/www.sks.net\\\/de\\\/services\\\/\"]}]},{\"@type\":\"BreadcrumbList\",\"@id\":\"https:\\\/\\\/www.sks.net\\\/de\\\/services\\\/#breadcrumb\",\"itemListElement\":[{\"@type\":\"ListItem\",\"position\":1,\"name\":\"Home\",\"item\":\"https:\\\/\\\/www.sks.net\\\/de\\\/homepage\\\/\"},{\"@type\":\"ListItem\",\"position\":2,\"name\":\"Services\"}]},{\"@type\":\"WebSite\",\"@id\":\"https:\\\/\\\/www.sks.net\\\/de\\\/#website\",\"url\":\"https:\\\/\\\/www.sks.net\\\/de\\\/\",\"name\":\"SKS\",\"description\":\"\",\"publisher\":{\"@id\":\"https:\\\/\\\/www.sks.net\\\/de\\\/#organization\"},\"potentialAction\":[{\"@type\":\"SearchAction\",\"target\":{\"@type\":\"EntryPoint\",\"urlTemplate\":\"https:\\\/\\\/www.sks.net\\\/de\\\/?s={search_term_string}\"},\"query-input\":{\"@type\":\"PropertyValueSpecification\",\"valueRequired\":true,\"valueName\":\"search_term_string\"}}],\"inLanguage\":\"de\"},{\"@type\":\"Organization\",\"@id\":\"https:\\\/\\\/www.sks.net\\\/de\\\/#organization\",\"name\":\"SKS\",\"url\":\"https:\\\/\\\/www.sks.net\\\/de\\\/\",\"logo\":{\"@type\":\"ImageObject\",\"inLanguage\":\"de\",\"@id\":\"https:\\\/\\\/www.sks.net\\\/de\\\/#\\\/schema\\\/logo\\\/image\\\/\",\"url\":\"https:\\\/\\\/www.sks.net\\\/wp-content\\\/uploads\\\/2021\\\/12\\\/logo_alt.png\",\"contentUrl\":\"https:\\\/\\\/www.sks.net\\\/wp-content\\\/uploads\\\/2021\\\/12\\\/logo_alt.png\",\"width\":250,\"height\":70,\"caption\":\"SKS\"},\"image\":{\"@id\":\"https:\\\/\\\/www.sks.net\\\/de\\\/#\\\/schema\\\/logo\\\/image\\\/\"}}]}<\/script>\n<!-- \/ Yoast SEO plugin. -->","yoast_head_json":{"title":"Services - SKS","robots":{"index":"index","follow":"follow","max-snippet":"max-snippet:-1","max-image-preview":"max-image-preview:large","max-video-preview":"max-video-preview:-1"},"canonical":"https:\/\/www.sks.net\/de\/services\/","og_locale":"de_DE","og_type":"article","og_title":"Services - SKS","og_url":"https:\/\/www.sks.net\/de\/services\/","og_site_name":"SKS","article_modified_time":"2024-11-18T13:04:05+00:00","twitter_card":"summary_large_image","schema":{"@context":"https:\/\/schema.org","@graph":[{"@type":"WebPage","@id":"https:\/\/www.sks.net\/de\/services\/","url":"https:\/\/www.sks.net\/de\/services\/","name":"Services - SKS","isPartOf":{"@id":"https:\/\/www.sks.net\/de\/#website"},"datePublished":"2021-10-08T14:24:32+00:00","dateModified":"2024-11-18T13:04:05+00:00","breadcrumb":{"@id":"https:\/\/www.sks.net\/de\/services\/#breadcrumb"},"inLanguage":"de","potentialAction":[{"@type":"ReadAction","target":["https:\/\/www.sks.net\/de\/services\/"]}]},{"@type":"BreadcrumbList","@id":"https:\/\/www.sks.net\/de\/services\/#breadcrumb","itemListElement":[{"@type":"ListItem","position":1,"name":"Home","item":"https:\/\/www.sks.net\/de\/homepage\/"},{"@type":"ListItem","position":2,"name":"Services"}]},{"@type":"WebSite","@id":"https:\/\/www.sks.net\/de\/#website","url":"https:\/\/www.sks.net\/de\/","name":"SKS","description":"","publisher":{"@id":"https:\/\/www.sks.net\/de\/#organization"},"potentialAction":[{"@type":"SearchAction","target":{"@type":"EntryPoint","urlTemplate":"https:\/\/www.sks.net\/de\/?s={search_term_string}"},"query-input":{"@type":"PropertyValueSpecification","valueRequired":true,"valueName":"search_term_string"}}],"inLanguage":"de"},{"@type":"Organization","@id":"https:\/\/www.sks.net\/de\/#organization","name":"SKS","url":"https:\/\/www.sks.net\/de\/","logo":{"@type":"ImageObject","inLanguage":"de","@id":"https:\/\/www.sks.net\/de\/#\/schema\/logo\/image\/","url":"https:\/\/www.sks.net\/wp-content\/uploads\/2021\/12\/logo_alt.png","contentUrl":"https:\/\/www.sks.net\/wp-content\/uploads\/2021\/12\/logo_alt.png","width":250,"height":70,"caption":"SKS"},"image":{"@id":"https:\/\/www.sks.net\/de\/#\/schema\/logo\/image\/"}}]}},"_links":{"self":[{"href":"https:\/\/www.sks.net\/de\/wp-json\/wp\/v2\/pages\/6249","targetHints":{"allow":["GET"]}}],"collection":[{"href":"https:\/\/www.sks.net\/de\/wp-json\/wp\/v2\/pages"}],"about":[{"href":"https:\/\/www.sks.net\/de\/wp-json\/wp\/v2\/types\/page"}],"author":[{"embeddable":true,"href":"https:\/\/www.sks.net\/de\/wp-json\/wp\/v2\/users\/1"}],"replies":[{"embeddable":true,"href":"https:\/\/www.sks.net\/de\/wp-json\/wp\/v2\/comments?post=6249"}],"version-history":[{"count":12,"href":"https:\/\/www.sks.net\/de\/wp-json\/wp\/v2\/pages\/6249\/revisions"}],"predecessor-version":[{"id":6466,"href":"https:\/\/www.sks.net\/de\/wp-json\/wp\/v2\/pages\/6249\/revisions\/6466"}],"wp:attachment":[{"href":"https:\/\/www.sks.net\/de\/wp-json\/wp\/v2\/media?parent=6249"}],"curies":[{"name":"wp","href":"https:\/\/api.w.org\/{rel}","templated":true}]}}