{"id":6233,"date":"2021-10-11T09:35:05","date_gmt":"2021-10-11T09:35:05","guid":{"rendered":"https:\/\/www.sks.net\/?page_id=6233"},"modified":"2024-11-14T17:18:10","modified_gmt":"2024-11-14T17:18:10","slug":"unser-ansatz","status":"publish","type":"page","link":"https:\/\/www.sks.net\/de\/unser-ansatz\/","title":{"rendered":"Unser Ansatz"},"content":{"rendered":"\r\n<section id=\"image-hero-with-content-block_9ca4d7efb0968fcd7f8429043664d102\" class=\"image-hero-with-content\">\r\n\r\n    <div class=\"image-hero-with-content-image-container\" style=\" background: linear-gradient(90deg, rgba(0,0,0,0.5) 0%, rgba(255,255,255,0) 75%), url('https:\/\/www.sks.net\/wp-content\/uploads\/2024\/03\/HS2A5349_EDIT-min-e1709833265287.jpg'),    no-repeat; background-position: center !important;\" data-aos=\"fade-down\">\r\n\r\n        <div class=\"main-container\">\r\n            <div class=\"container-fluid\">\r\n                <div class=\"row full-width-image-info-light-text image-hero-with-content-text\">\r\n                    <div class=\"col-lg-7  image-hero-with-content-text-container  \">\r\n                        <div class=\"image-hero-with-content-inner\">\r\n                            <h5><\/h5>\r\n                            <h1 class=\"image-hero-with-content-title\" class=\"\">Unser Ansatz<\/h1>\r\n                                                                                <\/div>\r\n                    <\/div>\r\n\r\n                    <div class=\"col-lg-5 d-none d-lg-block\">\r\n\r\n                    <\/div>\r\n                <\/div>\r\n            <\/div>\r\n        <\/div>\r\n\r\n\r\n    <\/div>\r\n\r\n\r\n\r\n    <!-- <span style=\"display: flex;\">\r\n        <img decoding=\"async\" src=\"https:\/\/www.sks.net\/wp-content\/themes\/armstrong\/img\/angled_line_left_end.svg\" alt=\"\" v>\r\n        <hr style=\"flex-grow: 1; margin: 0;\">\r\n    <\/span> -->\r\n<\/section>\n\n\r\n<section id=\"angled-image-info-block_d9f6bae14f9d1cab6b4b99267a043324\" class=\"angled-image-info\" style=\"overflow-x: hidden;\">\r\n\r\n    \r\n        <div class=\"main-container \">\r\n            <div class=\"container-fluid\">\r\n\r\n                <div class=\"col-lg-12\">\r\n                    <div style=\"display: flex; justify-content: space-between; flex-wrap: wrap; align-items: center;\">\r\n\r\n                        <div class=\"angled-image-info-text-content-left\" data-aos=\"fade-right\">\r\n                            <h5><\/h5>\r\n                            <h3>PERFEKTIONIERT IN DEN LETZTEN 150 JAHREN IN MEHR ALS 60 L\u00c4NDERN<\/h3>\r\n                            <p><p>Unser Ansatz ist das, was uns auszeichnet. SKS und seine Unternehmen bieten einen Ansatz aus einer Hand f\u00fcr den Bau, Reparartur und Wartung aller Arten von Glasschmelzanlagen.<\/p>\n<p>Unsere Spezialisten k\u00f6nnen die Schmelzanlage in regelm\u00e4\u00dfigen Abst\u00e4nden inspizieren und analysieren. So stellen wir sicher, dass die Anlage sich jederzeit im optimalen Zustand befindet.<\/p>\n<p>Mit dem fundierten Wissen unserer Experten liefern wir stets eine ma\u00dfgeschneiderte Reparaturl\u00f6sungen, die die Bed\u00fcrfnisse der Kunden erf\u00fcllt und die Lebensdauer seiner Anlagen sichert oder verl\u00e4ngert.<\/p>\n<\/p>\r\n\r\n                                                    <\/div>\r\n\r\n\r\n\r\n\r\n\r\n\r\n\r\n\r\n\r\n                        <div class=\" angled-image-info-container\">\r\n\r\n                            <div data-aos=\"fade-left\" class=\" angled-image-info-image-right\">\r\n                                <img decoding=\"async\" src=\"https:\/\/www.sks.net\/wp-content\/uploads\/2023\/10\/SORG_Family_Photo.jpg\" alt=\"\" data-speed=\"1\" class=\"\">\r\n\r\n                            <\/div>\r\n                        <\/div>\r\n\r\n\r\n\r\n\r\n\r\n                    <\/div>\r\n\r\n                <\/div>\r\n            <\/div>\r\n        <\/div>\r\n    \r\n<\/section>\n\n\r\n<section id=\"angled-image-info-block_79d09049a434cc9fc6a6c72083c1dece\" class=\"angled-image-info\" style=\"overflow-x: hidden;\">\r\n\r\n    \r\n\r\n        <div class=\"main-container \">\r\n            <div class=\"container-fluid\">\r\n\r\n                <div class=\"col-lg-12\">\r\n                    <div style=\"display: flex; justify-content: space-between; flex-wrap: wrap; align-items: center;\">\r\n                        <div class=\"col-lg-12 angled-image-info-container\">\r\n\r\n                            <div data-aos=\"fade-right\" class=\"parallax-container angled-image-info-image-left\">\r\n                                <img decoding=\"async\" src=\"https:\/\/www.sks.net\/wp-content\/uploads\/2024\/01\/World-Map-1.jpg\" alt=\"\" data-speed=\"1\" class=\"\">\r\n\r\n                            <\/div>\r\n                        <\/div>\r\n\r\n\r\n\r\n\r\n                        <div class=\"angled-image-info-text-content-right\" data-aos=\"fade-left\">\r\n                            <h5><\/h5>\r\n                            <h3>GLOBALE PR\u00c4SENZ<\/h3>\r\n                            <p><p>Wir haben in \u00fcber 60 L\u00e4ndern Projekte durchgef\u00fchrt und Schmelzanlagen gewartet. Unser hochqualifiziertes und erfahrenes Team von Servicetechnikern stellt sicher, dass wir einen konsistenten und optimierten Service bieten k\u00f6nnen, wo auch immer Sie sich befinden.<\/p>\n<p>Unser globaler Ansatz und unser anwendungs\u00fcbergreifendes Wissen bieten Kunden, die ein Wannenbauprojekt in Angriff nehmen oder einen kontinuierlichen Service- und Wartungspartner \u00fcber die gesamte Lebensdauer ihrer Anlage ben\u00f6tigen, Einblicke und Mehrwert.<\/p>\n<\/p>\r\n                                                    <\/div>\r\n\r\n\r\n                    <\/div>\r\n                <\/div>\r\n            <\/div>\r\n        <\/div>\r\n\r\n    \r\n<\/section>\n\n\r\n<section id=\"angled-image-info-block_f488d0d7ad08b634d4b0744d93ca4727\" class=\"angled-image-info image-info-static\" style=\"overflow-x: hidden;\">\r\n\r\n    \r\n        <div class=\"main-container \">\r\n            <div class=\"container-fluid\">\r\n\r\n                <div class=\"col-lg-12\">\r\n                    <div style=\"display: flex; justify-content: space-between; flex-wrap: wrap; align-items: center;\">\r\n\r\n                        <div class=\"angled-image-info-text-content-left\" data-aos=\"fade-right\">\r\n                            <h5><\/h5>\r\n                            <h3>DURCHDACHT UND ORGANISIERT, UM JEDES MAL P\u00dcNKTLICH ZU LIEFERN<\/h3>\r\n                            <p><p>Die Methodik ist von zentraler Bedeutung f\u00fcr den erfolgreichen Abschluss eines jeden Projekts. Unser bew\u00e4hrter mehrstufiger Prozess verf\u00fcgt \u00fcber ein Qualit\u00e4tsmanagementsystem, das sicherstellt, dass alle Dienstleistungen und Technologien stets nach den h\u00f6chsten Kriterien erbracht werden.<\/p>\n<p>Wir f\u00fchren am Ende jeder Phase des Projektablaufes eine \u00dcberpr\u00fcfung durch, um sicherzustellen, dass alle Anforderungen erf\u00fcllt werden. Unser qualifiziertes Team ist bestrebt, einen sicheren und innovativen Ansatz zu liefern, um Ihre Anforderungen zu erf\u00fcllen und die Leistung der Schmelzanlage zu optimieren.<\/p>\n<\/p>\r\n\r\n                                                    <\/div>\r\n\r\n\r\n\r\n\r\n\r\n\r\n\r\n\r\n\r\n                        <div class=\" angled-image-info-container\">\r\n\r\n                            <div data-aos=\"fade-left\" class=\" angled-image-info-image-right-static\">\r\n                                <img decoding=\"async\" src=\"https:\/\/www.sks.net\/wp-content\/uploads\/2024\/11\/SKS_Process-Diagram_GER_Outlined_v2.jpg\" alt=\"\" data-speed=\"1\" class=\"\">\r\n\r\n                            <\/div>\r\n                        <\/div>\r\n\r\n\r\n\r\n\r\n\r\n                    <\/div>\r\n\r\n                <\/div>\r\n            <\/div>\r\n        <\/div>\r\n    \r\n<\/section>","protected":false},"excerpt":{"rendered":"","protected":false},"author":1,"featured_media":0,"parent":0,"menu_order":35,"comment_status":"closed","ping_status":"closed","template":"","meta":{"_acf_changed":false,"footnotes":""},"class_list":["post-6233","page","type-page","status-publish","hentry"],"acf":[],"yoast_head":"<!-- This site is optimized with the Yoast SEO plugin v27.3 - https:\/\/yoast.com\/product\/yoast-seo-wordpress\/ -->\n<title>Unser Ansatz - SKS<\/title>\n<meta name=\"robots\" content=\"index, follow, max-snippet:-1, max-image-preview:large, max-video-preview:-1\" \/>\n<link rel=\"canonical\" href=\"https:\/\/www.sks.net\/de\/unser-ansatz\/\" \/>\n<meta property=\"og:locale\" content=\"de_DE\" \/>\n<meta property=\"og:type\" content=\"article\" \/>\n<meta property=\"og:title\" content=\"Unser Ansatz - SKS\" \/>\n<meta property=\"og:url\" content=\"https:\/\/www.sks.net\/de\/unser-ansatz\/\" \/>\n<meta property=\"og:site_name\" content=\"SKS\" \/>\n<meta property=\"article:modified_time\" content=\"2024-11-14T17:18:10+00:00\" \/>\n<meta name=\"twitter:card\" content=\"summary_large_image\" \/>\n<script type=\"application\/ld+json\" class=\"yoast-schema-graph\">{\"@context\":\"https:\\\/\\\/schema.org\",\"@graph\":[{\"@type\":\"WebPage\",\"@id\":\"https:\\\/\\\/www.sks.net\\\/de\\\/unser-ansatz\\\/\",\"url\":\"https:\\\/\\\/www.sks.net\\\/de\\\/unser-ansatz\\\/\",\"name\":\"Unser Ansatz - SKS\",\"isPartOf\":{\"@id\":\"https:\\\/\\\/www.sks.net\\\/de\\\/#website\"},\"datePublished\":\"2021-10-11T09:35:05+00:00\",\"dateModified\":\"2024-11-14T17:18:10+00:00\",\"breadcrumb\":{\"@id\":\"https:\\\/\\\/www.sks.net\\\/de\\\/unser-ansatz\\\/#breadcrumb\"},\"inLanguage\":\"de\",\"potentialAction\":[{\"@type\":\"ReadAction\",\"target\":[\"https:\\\/\\\/www.sks.net\\\/de\\\/unser-ansatz\\\/\"]}]},{\"@type\":\"BreadcrumbList\",\"@id\":\"https:\\\/\\\/www.sks.net\\\/de\\\/unser-ansatz\\\/#breadcrumb\",\"itemListElement\":[{\"@type\":\"ListItem\",\"position\":1,\"name\":\"Home\",\"item\":\"https:\\\/\\\/www.sks.net\\\/de\\\/homepage\\\/\"},{\"@type\":\"ListItem\",\"position\":2,\"name\":\"Unser Ansatz\"}]},{\"@type\":\"WebSite\",\"@id\":\"https:\\\/\\\/www.sks.net\\\/de\\\/#website\",\"url\":\"https:\\\/\\\/www.sks.net\\\/de\\\/\",\"name\":\"SKS\",\"description\":\"\",\"publisher\":{\"@id\":\"https:\\\/\\\/www.sks.net\\\/de\\\/#organization\"},\"potentialAction\":[{\"@type\":\"SearchAction\",\"target\":{\"@type\":\"EntryPoint\",\"urlTemplate\":\"https:\\\/\\\/www.sks.net\\\/de\\\/?s={search_term_string}\"},\"query-input\":{\"@type\":\"PropertyValueSpecification\",\"valueRequired\":true,\"valueName\":\"search_term_string\"}}],\"inLanguage\":\"de\"},{\"@type\":\"Organization\",\"@id\":\"https:\\\/\\\/www.sks.net\\\/de\\\/#organization\",\"name\":\"SKS\",\"url\":\"https:\\\/\\\/www.sks.net\\\/de\\\/\",\"logo\":{\"@type\":\"ImageObject\",\"inLanguage\":\"de\",\"@id\":\"https:\\\/\\\/www.sks.net\\\/de\\\/#\\\/schema\\\/logo\\\/image\\\/\",\"url\":\"https:\\\/\\\/www.sks.net\\\/wp-content\\\/uploads\\\/2021\\\/12\\\/logo_alt.png\",\"contentUrl\":\"https:\\\/\\\/www.sks.net\\\/wp-content\\\/uploads\\\/2021\\\/12\\\/logo_alt.png\",\"width\":250,\"height\":70,\"caption\":\"SKS\"},\"image\":{\"@id\":\"https:\\\/\\\/www.sks.net\\\/de\\\/#\\\/schema\\\/logo\\\/image\\\/\"}}]}<\/script>\n<!-- \/ Yoast SEO plugin. -->","yoast_head_json":{"title":"Unser Ansatz - SKS","robots":{"index":"index","follow":"follow","max-snippet":"max-snippet:-1","max-image-preview":"max-image-preview:large","max-video-preview":"max-video-preview:-1"},"canonical":"https:\/\/www.sks.net\/de\/unser-ansatz\/","og_locale":"de_DE","og_type":"article","og_title":"Unser Ansatz - SKS","og_url":"https:\/\/www.sks.net\/de\/unser-ansatz\/","og_site_name":"SKS","article_modified_time":"2024-11-14T17:18:10+00:00","twitter_card":"summary_large_image","schema":{"@context":"https:\/\/schema.org","@graph":[{"@type":"WebPage","@id":"https:\/\/www.sks.net\/de\/unser-ansatz\/","url":"https:\/\/www.sks.net\/de\/unser-ansatz\/","name":"Unser Ansatz - SKS","isPartOf":{"@id":"https:\/\/www.sks.net\/de\/#website"},"datePublished":"2021-10-11T09:35:05+00:00","dateModified":"2024-11-14T17:18:10+00:00","breadcrumb":{"@id":"https:\/\/www.sks.net\/de\/unser-ansatz\/#breadcrumb"},"inLanguage":"de","potentialAction":[{"@type":"ReadAction","target":["https:\/\/www.sks.net\/de\/unser-ansatz\/"]}]},{"@type":"BreadcrumbList","@id":"https:\/\/www.sks.net\/de\/unser-ansatz\/#breadcrumb","itemListElement":[{"@type":"ListItem","position":1,"name":"Home","item":"https:\/\/www.sks.net\/de\/homepage\/"},{"@type":"ListItem","position":2,"name":"Unser Ansatz"}]},{"@type":"WebSite","@id":"https:\/\/www.sks.net\/de\/#website","url":"https:\/\/www.sks.net\/de\/","name":"SKS","description":"","publisher":{"@id":"https:\/\/www.sks.net\/de\/#organization"},"potentialAction":[{"@type":"SearchAction","target":{"@type":"EntryPoint","urlTemplate":"https:\/\/www.sks.net\/de\/?s={search_term_string}"},"query-input":{"@type":"PropertyValueSpecification","valueRequired":true,"valueName":"search_term_string"}}],"inLanguage":"de"},{"@type":"Organization","@id":"https:\/\/www.sks.net\/de\/#organization","name":"SKS","url":"https:\/\/www.sks.net\/de\/","logo":{"@type":"ImageObject","inLanguage":"de","@id":"https:\/\/www.sks.net\/de\/#\/schema\/logo\/image\/","url":"https:\/\/www.sks.net\/wp-content\/uploads\/2021\/12\/logo_alt.png","contentUrl":"https:\/\/www.sks.net\/wp-content\/uploads\/2021\/12\/logo_alt.png","width":250,"height":70,"caption":"SKS"},"image":{"@id":"https:\/\/www.sks.net\/de\/#\/schema\/logo\/image\/"}}]}},"_links":{"self":[{"href":"https:\/\/www.sks.net\/de\/wp-json\/wp\/v2\/pages\/6233","targetHints":{"allow":["GET"]}}],"collection":[{"href":"https:\/\/www.sks.net\/de\/wp-json\/wp\/v2\/pages"}],"about":[{"href":"https:\/\/www.sks.net\/de\/wp-json\/wp\/v2\/types\/page"}],"author":[{"embeddable":true,"href":"https:\/\/www.sks.net\/de\/wp-json\/wp\/v2\/users\/1"}],"replies":[{"embeddable":true,"href":"https:\/\/www.sks.net\/de\/wp-json\/wp\/v2\/comments?post=6233"}],"version-history":[{"count":7,"href":"https:\/\/www.sks.net\/de\/wp-json\/wp\/v2\/pages\/6233\/revisions"}],"predecessor-version":[{"id":6462,"href":"https:\/\/www.sks.net\/de\/wp-json\/wp\/v2\/pages\/6233\/revisions\/6462"}],"wp:attachment":[{"href":"https:\/\/www.sks.net\/de\/wp-json\/wp\/v2\/media?parent=6233"}],"curies":[{"name":"wp","href":"https:\/\/api.w.org\/{rel}","templated":true}]}}